{"id":4665,"date":"2021-06-04T20:14:59","date_gmt":"2021-06-04T19:14:59","guid":{"rendered":"https:\/\/rodriguezysanzo.com\/?page_id=4665"},"modified":"2023-11-14T20:05:40","modified_gmt":"2023-11-14T19:05:40","slug":"legal-notice","status":"publish","type":"page","link":"https:\/\/rodriguezysanzo.com\/en\/legal-notice\/","title":{"rendered":"Legal Notice"},"content":{"rendered":"<div class=\"wpb-content-wrapper\"><p>[vc_row type=&#8221;vc_default&#8221; css=&#8221;.vc_custom_1676630237489{padding-top: 20px !important;padding-bottom: 120px !important;}&#8221;][vc_column][vc_column_text]<\/p>\n<h3 style=\"text-align: center;\"><strong>LEY DE LOS SERVICIOS DE LA SOCIEDAD DE LA INFORMACI\u00d3N (LSSI)<\/strong><\/h3>\n<p>&nbsp;<\/p>\n<p>Bodegas Rodr\u00edguez y Sanzo S.L, responsable del sitio web, en adelante RESPONSABLE, pone a disposici\u00f3n de los USUARIOs el presente documento, con el que pretende dar cumplimiento a las obligaciones dispuestas en la Ley 34\/2002, de 11 de julio, de Servicios de la Sociedad de la Informaci\u00f3n y de Comercio Electr\u00f3nico (LSSICE), BOE N \u00ba 166, as\u00ed como informar a todos los USUARIOs del sitio web respecto a cu\u00e1les son las condiciones de uso.<br \/>\nToda persona que acceda a este sitio web asume el papel de USUARIO, comprometi\u00e9ndose a la observancia y cumplimiento riguroso de las disposiciones aqu\u00ed dispuestas, as\u00ed como a cualquier otra disposici\u00f3n legal que fuera de aplicaci\u00f3n.<br \/>\nBodegas Rodr\u00edguez y Sanzo S.L se reserva el derecho de modificar cualquier tipo de informaci\u00f3n que pudiera aparecer en el sitio web, sin que exista obligaci\u00f3n de preavisar o poner en conocimiento de los USUARIOs dichas obligaciones, entendi\u00e9ndose como suficiente con la publicaci\u00f3n en el sitio web de Bodegas Rodr\u00edguez y Sanzo S.L.<\/p>\n<p>&nbsp;<\/p>\n<h3><strong>1. DATOS IDENTIFICATIVOS<\/strong><\/h3>\n<p>Nombre de dominio: rodriguezysanzo.com<br \/>\nNombre comercial: Rodr\u00edguez y Sanzo<br \/>\nDenominaci\u00f3n social: Bodegas Rodr\u00edguez y Sanzo S.L<br \/>\nNIF: B26344549<br \/>\nDomicilio social: Bodega Rodr\u00edguez Sanzo<br \/>\nTel\u00e9fono: 983150150<br \/>\ne-mail: comunicacion@rodriguezysanzo.com<br \/>\nInscrita en el Registro (Mercantil \/ P\u00fablico): Registro Mercantil de Valladolid, T 531, F 192, S 8, H LO 8527, I\/A 1<\/p>\n<p>&nbsp;<\/p>\n<h3><strong>2. DERECHOS DE PROPIEDAD INTELECTUAL E INDUSTRIAL<\/strong><\/h3>\n<p>El USUARIO reconoce y acepta que todos los derechos de propiedad industrial e intelectual sobre los contenidos y\/o cualesquiera otros elementos insertados por Bodegas Rodr\u00edguez y Sanzo S.L ., en el presente Sitio Web (incluyendo, a t\u00edtulo meramente enunciativo y no limitativo, todos aquellos elementos que conforman la apariencia visual, imagen gr\u00e1fica y otros est\u00edmulos sensoriales del sitio web o \u201clook and feel\u201d: marcas, logotipos, nombres comerciales, textos, im\u00e1genes, gr\u00e1ficos, dise\u00f1os, sonidos, bases de datos, software, diagramas de flujo, presentaci\u00f3n, arquitectura de navegaci\u00f3n, as\u00ed como los c\u00f3digos fuente de las p\u00e1ginas web) pertenecen a Bodegas Rodr\u00edguez y Sanzo S.L . y\/o a terceros a los cuales les han cedido sus derechos, Bodegas Rodr\u00edguez y Sanzo S.L . \u00fanicamente se hace responsable por los contenidos elaborados de forma interna. A tales efectos, se entender\u00e1 como Sitio Web todas aquellas creaciones incorporadas y expresadas por Bodegas Rodr\u00edguez y Sanzo S.L . por cualquier medio y\/o soporte tangible o intangible, conocido o por conocer, que sean objeto de protecci\u00f3n por las disposiciones de las normativas vigentes en materia de propiedad intelectual e industrial. Bodegas Rodr\u00edguez y Sanzo S.L . se reserva el derecho a modificar, sin previo aviso, en cualquier momento los contenidos existentes en su sitio web as\u00ed como su configuraci\u00f3n y presentaci\u00f3n.<br \/>\nEn ning\u00fan caso el acceso al Sitio Web implica alg\u00fan tipo de permiso, renuncia, transmisi\u00f3n, licencia o cesi\u00f3n total ni parcial de dichos derechos por parte de sus titulares, salvo que se establezca expresamente lo contrario. Los presentes t\u00e9rminos y condiciones de uso del Sitio Web no confieren a los USUARIOS ning\u00fan otro derecho de utilizaci\u00f3n, alteraci\u00f3n, explotaci\u00f3n, reproducci\u00f3n, distribuci\u00f3n o comunicaci\u00f3n p\u00fablica del Sitio Web y\/o de sus contenidos distintos de los aqu\u00ed expresamente previstos.<br \/>\nQueda terminantemente prohibida la utilizaci\u00f3n de tales elementos, su total o parcial reproducci\u00f3n, comunicaci\u00f3n y\/o distribuci\u00f3n con fines comerciales o lucrativos, as\u00ed como su modificaci\u00f3n, alteraci\u00f3n, descompilaci\u00f3n y\/o cualquier otro acto de explotaci\u00f3n del Sitio Web. El USUARIO que desee establecer un hiperenlace en su sitio web al sitio web de Bodegas Rodr\u00edguez y Sanzo S.L . no realizar\u00e1 un uso ilegal o contrario a la buena fe de las informaciones puestas a disposici\u00f3n en el referido sitio web.<br \/>\nSin perjuicio de todo lo anterior, si el USUARIO o un tercero estima que alg\u00fan contenido del Sitio Web pudiera vulnerar derechos de propiedad intelectual e industrial, rogamos as\u00ed lo pongan en nuestro conocimiento a la mayor brevedad posible, remitiendo un correo electr\u00f3nico a la direcci\u00f3n: valsanzo@valsanzo.com.<br \/>\nTanto el acceso al Sitio Web como el uso no consentido que pueda efectuarse de la informaci\u00f3n contenida en el mismo es de la exclusiva responsabilidad de quien lo realiza. El USUARIO se compromete a utilizar los contenidos, informaci\u00f3n y datos del Sitio Web de conformidad con las presentes condiciones, t\u00e9rminos y pol\u00edticas, con la normativa de aplicaci\u00f3n y con las buenas costumbres generalmente aceptadas y el orden p\u00fablico. El USUARIO se obliga a abstenerse de utilizar los contenidos del Sitio Web con fines o efectos il\u00edcitos, prohibidos o contrarios a los aqu\u00ed establecidos, lesivos de los derechos e intereses de Bodegas Rodr\u00edguez y Sanzo S.L ., de los dem\u00e1s USUARIOs, de terceros o que de cualquier forma puedan da\u00f1ar, inutilizar, sobrecargar o deteriorar el presente Sitio Web o impedir la normal utilizaci\u00f3n o disfrute del mismo por parte de los USUARIOs. Bodegas Rodr\u00edguez y Sanzo S.L . no responder\u00e1 de ninguna consecuencia, da\u00f1o o perjuicio que pudiera derivarse de dicho acceso o uso o del incumplimiento de las presentes condiciones, t\u00e9rminos y pol\u00edticas ni se har\u00e1 responsable de los errores de seguridad que se puedan producir ni de los da\u00f1os que puedan causarse al sistema inform\u00e1tico del USUARIO (hardware y software) o a los ficheros o documentos almacenados en el mismo como consecuencia de la presencia de un virus en el ordenador del USUARIO que sea utilizado para la conexi\u00f3n a los servicios y\/o productos ofrecidos por Bodegas Rodr\u00edguez y Sanzo S.L . a trav\u00e9s de su Sitio Web, un mal funcionamiento del navegador o el uso de versiones no actualizadas del mismo.<br \/>\nBodegas Rodr\u00edguez y Sanzo S.L . podr\u00e1 interrumpir en cualquier momento el acceso a su sitio web si detecta un uso contrario a la legalidad, la buena fe o a las presentes condiciones generales.<\/p>\n<p>&nbsp;<\/p>\n<h3><strong>3. EXENCI\u00d3N DE RESPONSABILIDADES<\/strong><\/h3>\n<p>El RESPONSABLE se exime de cualquier tipo de responsabilidad derivada de la informaci\u00f3n publicada en su sitio web siempre que esta informaci\u00f3n haya sido manipulada o introducida por un tercero ajeno al mismo.<\/p>\n<p>&nbsp;<\/p>\n<h3><strong>4. POL\u00cdTICA DE PRIVACIDAD<\/strong><\/h3>\n<p>Puede consultar toda informaci\u00f3n sobre nuestra pol\u00edtica de cookies pinchando en el siguiente enlace:\u00a0<a href=\"https:\/\/www.rodriguezysanzo.com\/politica-de-privacidad\">Pol\u00edtica de Privacidad<\/a>.<\/p>\n<p>&nbsp;<\/p>\n<h3><strong>5. POL\u00cdTICA DE COOKIES<\/strong><\/h3>\n<p>Puede consultar toda informaci\u00f3n sobre nuestra pol\u00edtica de cookies pinchando en el siguiente enlace:\u00a0<a href=\"https:\/\/www.rodriguezysanzo.com\/politica-de-cookies\">Pol\u00edtica de cookies<\/a>.<\/p>\n<p>&nbsp;<\/p>\n<h3><strong>6. ENLACES DE TERCEROS<\/strong><\/h3>\n<p>Desde el sitio web, es posible que se redirija a contenidos de terceros sitios web. Dado que el RESPONSABLE no puede controlar siempre los contenidos introducidos por los terceros en sus respectivos sitios web, no asume ning\u00fan tipo de responsabilidad respecto a dichos contenidos. En todo caso, proceder\u00e1 a la retirada inmediata de cualquier contenido que pudiera contravenir la legislaci\u00f3n nacional o internacional, la moral o el orden p\u00fablico, procediendo a la retirada inmediata de la redirecci\u00f3n a dicho sitio web, poniendo en conocimiento de las autoridades competentes el contenido en cuesti\u00f3n.<\/p>\n<p>El RESPONSABLE no se hace responsable de la informaci\u00f3n y contenidos almacenados, a t\u00edtulo enunciativo pero no limitativo, en foros, chats, generadores de blogs, comentarios, redes sociales o cualquier otro medio que permita a terceros publicar contenidos de forma independiente en la p\u00e1gina web del RESPONSABLE. Sin embargo, y en cumplimiento de lo dispuesto en los art\u00edculos 11 y 16 de la LSSICE, se pone a disposici\u00f3n de todos los USUARIOs, autoridades y fuerzas de seguridad, colaborando de forma activa en la retirada o, en su caso, bloqueo de todos aquellos contenidos que puedan afectar o contravenir la legislaci\u00f3n nacional o internacional, los derechos de terceros o la moral y el orden p\u00fablico. En caso de que el USUARIO considere que existe en el sitio web alg\u00fan contenido que pudiera ser susceptible de esta clasificaci\u00f3n, se ruega lo notifique de forma inmediata al administrador del sitio web.<\/p>\n<p>Este sitio web ha sido revisado y probado para que funcione correctamente. En principio, puede garantizarse el correcto funcionamiento los 365 d\u00edas del a\u00f1o, 24 horas al d\u00eda. Sin embargo, el RESPONSABLE no descarta la posibilidad de que existan ciertos errores de programaci\u00f3n, o que acontezcan causas de fuerza mayor, cat\u00e1strofes naturales, huelgas o circunstancias semejantes que hagan imposible el acceso a la p\u00e1gina web.<\/p>\n<p>&nbsp;<\/p>\n<h3><strong>7. REDES SOCIALES<\/strong><\/h3>\n<p>Le informamos que Bodegas Rodr\u00edguez y Sanzo S.L .tiene presencia en redes sociales.<br \/>\nLos siguientes perfiles corresponden a Bodegas Rodr\u00edguez y Sanzo S.L en redes sociales.<\/p>\n<p>Facebook: https:\/\/www.facebook.com\/RodriguezySanzo<br \/>\nInstagram: https:\/\/www.instagram.com\/rodriguezysanzo\/<\/p>\n<p>Cualquier otro perfil social relacionado con Bodegas Rodr\u00edguez y Sanzo S.L no es responsabilidad de Bodegas Rodr\u00edguez y Sanzo S.L y puede ser debido a una suplantaci\u00f3n de identidad por lo que rogamos informen mediante los medios de contacto reflejados en este sitio web.<br \/>\nEl tratamiento de los datos que se lleve a cabo de las personas que se hagan seguidoras en las redes sociales (y\/o realicen cualquier v\u00ednculo o acci\u00f3n de conexi\u00f3n a trav\u00e9s de las redes sociales) de las p\u00e1ginas oficiales de Bodegas Rodr\u00edguez y Sanzo S.L . se regir\u00e1 por este apartado, as\u00ed como por aquellas condiciones de uso, pol\u00edticas de privacidad y normativas de acceso que pertenezcan a la red social que proceda en cada caso y aceptadas previamente por el USUARIO.<br \/>\nBodegas Rodr\u00edguez y Sanzo S.L . tratar\u00e1 sus datos con las finalidades de administrar correctamente su presencia en la red social, inform\u00e1ndole de actividades productos o servicios de Bodegas Rodr\u00edguez y Sanzo S.L . as\u00ed como para cualquier otra finalidad que las normativas de las Redes Sociales permitan.<\/p>\n<p>&nbsp;<\/p>\n<h3><strong>8. DIRECCIONES IP<\/strong><\/h3>\n<p>Los servidores del sitio web podr\u00e1n detectar de manera autom\u00e1tica la direcci\u00f3n IP y el nombre de dominio utilizados por el USUARIO. Una direcci\u00f3n IP es un n\u00famero asignado autom\u00e1ticamente a un ordenador cuando \u00e9ste se conecta a Internet. Toda esta informaci\u00f3n es registrada en un fichero de actividad del servidor debidamente inscrito que permite el posterior procesamiento de los datos con el fin de obtener mediciones \u00fanicamente estad\u00edsticas que permitan conocer el n\u00famero de impresiones de p\u00e1ginas, el n\u00famero de visitas realizadas a los servidores web, el orden de visitas, el punto de acceso, etc.<\/p>\n<p>&nbsp;<\/p>\n<h3><strong>9. ACTIVIDAD ECON\u00d3MICA<\/strong><\/h3>\n<p>Bodegas Rodr\u00edguez y Sanzo S.L presta servicios de venta al por menor de productos vin\u00edcolas.<\/p>\n<p>&nbsp;<\/p>\n<h3><strong>10. LEY APLICABLE Y JURISDICCI\u00d3N<\/strong><\/h3>\n<p>Para la resoluci\u00f3n de todas las controversias o cuestiones relacionadas con el presente sitio web o de las actividades en \u00e9l desarrolladas, ser\u00e1 de aplicaci\u00f3n la legislaci\u00f3n espa\u00f1ola, a la que se someten expresamente las partes, siendo competentes para la resoluci\u00f3n de todos los conflictos derivados o relacionados con su uso los Juzgados y Tribunales m\u00e1s cercanos a Valladolid.[\/vc_column_text][\/vc_column][\/vc_row][vc_row bg_type=&#8221;bg_color&#8221; bg_override=&#8221;ex-full&#8221; css=&#8221;.vc_custom_1693235759287{padding-top: 80px !important;padding-bottom: 80px !important;}&#8221;][vc_column][vc_single_image image=&#8221;3247&#8243; img_size=&#8221;full&#8221; alignment=&#8221;center&#8221;]<div id=\"ultimate-heading-585169f567b382da3\" class=\"uvc-heading ult-adjust-bottom-margin ultimate-heading-585169f567b382da3 uvc-4256  uvc-heading-default-font-sizes\" data-hspacer=\"no_spacer\"  data-halign=\"center\" style=\"text-align:center\"><div class=\"uvc-heading-spacer no_spacer\" style=\"top\"><\/div><div class=\"uvc-sub-heading ult-responsive\"  data-ultimate-target='.uvc-heading.ultimate-heading-585169f567b382da3 .uvc-sub-heading '  data-responsive-json-new='{\"font-size\":\"desktop:16px;mobile_landscape:14px;\",\"line-height\":\"desktop:26px;mobile_landscape:24px;\"}'  style=\"font-weight:normal;color:#000000;margin-top:30px;\"><\/p>\n<p style=\"text-align: center;\"><strong>Expansi\u00f3n internacional de las PYMES de la Comunidad de Castilla y Le\u00f3n<\/strong><br \/>\nOBJETIVO: \u201cConseguir un tejido empresarial m\u00e1s competitivo\u201d<\/p>\n<p style=\"text-align: center;\"><strong>Actuaci\u00f3n subvencionada:<\/strong><br \/>\nEXPEDIENTE 08\/18\/VA\/0429<br \/>\nPROGRAMA INTERNACIONALIZACION 2022<\/p>\n<p style=\"text-align: center;\"><strong>Proyecto cofinanciado<\/strong> por el Instituto para la Competitividad Empresarial de Castilla y Le\u00f3n (ICE) y por Fondo Europeo de Desarrollo Regional (<strong>FEDER<\/strong>)<br \/>\n<strong>Programa Operativo de Castilla y Le\u00f3n 2014-2020<\/strong><\/p>\n<p><\/div><\/div>[\/vc_column][\/vc_row]<\/p>\n<\/div>","protected":false},"excerpt":{"rendered":"<p>[vc_row type=&#8221;vc_default&#8221; css=&#8221;.vc_custom_1676630237489{padding-top: 20px !important;padding-bottom: 120px !important;}&#8221;][vc_column][vc_column_text] LEY DE LOS SERVICIOS DE LA SOCIEDAD DE LA INFORMACI\u00d3N (LSSI) &nbsp; Bodegas Rodr\u00edguez y Sanzo S.L, responsable del sitio web, en adelante RESPONSABLE, pone a disposici\u00f3n de los USUARIOs el presente documento, con el que pretende dar cumplimiento a las obligaciones dispuestas en la Ley 34\/2002, de&hellip;<\/p>\n","protected":false},"author":1,"featured_media":0,"parent":0,"menu_order":0,"comment_status":"closed","ping_status":"closed","template":"","meta":{"footnotes":""},"class_list":["post-4665","page","type-page","status-publish","hentry","description-off"],"_links":{"self":[{"href":"https:\/\/rodriguezysanzo.com\/en\/wp-json\/wp\/v2\/pages\/4665","targetHints":{"allow":["GET"]}}],"collection":[{"href":"https:\/\/rodriguezysanzo.com\/en\/wp-json\/wp\/v2\/pages"}],"about":[{"href":"https:\/\/rodriguezysanzo.com\/en\/wp-json\/wp\/v2\/types\/page"}],"author":[{"embeddable":true,"href":"https:\/\/rodriguezysanzo.com\/en\/wp-json\/wp\/v2\/users\/1"}],"replies":[{"embeddable":true,"href":"https:\/\/rodriguezysanzo.com\/en\/wp-json\/wp\/v2\/comments?post=4665"}],"version-history":[{"count":2,"href":"https:\/\/rodriguezysanzo.com\/en\/wp-json\/wp\/v2\/pages\/4665\/revisions"}],"predecessor-version":[{"id":4667,"href":"https:\/\/rodriguezysanzo.com\/en\/wp-json\/wp\/v2\/pages\/4665\/revisions\/4667"}],"wp:attachment":[{"href":"https:\/\/rodriguezysanzo.com\/en\/wp-json\/wp\/v2\/media?parent=4665"}],"curies":[{"name":"wp","href":"https:\/\/api.w.org\/{rel}","templated":true}]}}