{"id":4687,"date":"2023-09-27T19:34:12","date_gmt":"2023-09-27T18:34:12","guid":{"rendered":"https:\/\/rodriguezysanzo.com\/politica-de-privacidad\/"},"modified":"2023-11-15T09:48:12","modified_gmt":"2023-11-15T08:48:12","slug":"privacy-policy","status":"publish","type":"page","link":"https:\/\/rodriguezysanzo.com\/en\/privacy-policy\/","title":{"rendered":"Privacy Policy"},"content":{"rendered":"<div class=\"wpb-content-wrapper\"><p>[vc_row type=&#8221;vc_default&#8221; css=&#8221;.vc_custom_1676630237489{padding-top: 20px !important;padding-bottom: 120px !important;}&#8221;][vc_column][vc_column_text]Bodegas Rodr\u00edguez y Sanzo SL te informa en esta p\u00e1gina de todos los t\u00e9rminos y condiciones relativos al tratamiento de datos personales que realizamos en nuestra web y te pedimos unos minutos de tu tiempo para que los leas detenidamente antes de completar cualquier mecanismo habilitado en la web de recogida de datos.<\/p>\n<p>&nbsp;<\/p>\n<h3><strong>1. <\/strong><strong>LEYES APLICABLES<\/strong><\/h3>\n<p>El espacio web\u00a0<strong>rodriguezysanzo.com<\/strong>\u00a0es consciente de la importancia de la privacidad y los derechos de los usuarios, la seguridad de sus datos y la transparencia en su tratamiento. Por ello, todos nuestros servicios est\u00e1n adecuados a las siguientes leyes vigentes de protecci\u00f3n de datos:<\/p>\n<ul>\n<li>Ley Org\u00e1nica 3\/2018, de 5 de diciembre, de Protecci\u00f3n de Datos Personales y garant\u00eda de los derechos digitales.<\/li>\n<li>Reglamento(UE) 2016\/679 del Parlamento Europeo y del Consejo, del 27 de abril.<\/li>\n<li>Servicio de la Sociedad de la Informaci\u00f3n y Comercio Electr\u00f3nico (LSSICE o LSSI), Ley 34\/2002, del 11 de julio.<\/li>\n<\/ul>\n<p>&nbsp;<\/p>\n<h3><strong>2. RESPONSABILIDAD DE LOS DATOS<\/strong><\/h3>\n<p>Todos los datos de car\u00e1cter personal recogidos en esta web y en las plataformas de email marketing asociadas a la web ser\u00e1n tratados bajo la responsabilidad de:<\/p>\n<ul>\n<li><strong>Responsable:<\/strong>\u00a0Bodegas Rodr\u00edguez y Sanzo SL<\/li>\n<li><strong>Nombre comercial:<\/strong>\u00a0Bodegas Rodr\u00edguez y Sanzo<\/li>\n<li><strong>CIF\/NIF:<\/strong>\u00a0B26344549<\/li>\n<li><strong>Direcci\u00f3n:<\/strong>\u00a0Calle Manuel Aza\u00f1a, 9 \u2013 47014 Valladolid (Valladolid)<\/li>\n<li><strong>Email: comunicacion@rodriguezysanzo.com<\/strong><\/li>\n<\/ul>\n<p>&nbsp;<\/p>\n<h3><strong>3. NUESTROS PRINCIPIOS<\/strong><\/h3>\n<p>En Bodegas Rodr\u00edguez y Sanzo SL\u00a0sabemos lo importante y sensible que es el tratamiento de tus datos personales y por ello hemos tomado las medidas necesarias para garantizarte todos los derechos con el fin de que este sitio web sea seguro y fiable. Por ello, queremos dejar claro nuestros principios a cerca del tratamiento de datos personales: que se ajustan a las exigencias del reglamento europeo:<\/p>\n<ul>\n<li><strong>Principio de minimizaci\u00f3n de datos:<\/strong>\u00a0nunca te solicitaremos informaci\u00f3n personal a menos que realmente sea necesario para prestar los servicios que requieras, en este caso, \u00fanicamente te solicitaremos la m\u00ednima informaci\u00f3n necesaria.<\/li>\n<li><strong>Principio de licitud, lealtad y transparencia:<\/strong>\u00a0la informaci\u00f3n recogida no es compartida con otras personas o entidades, excepto para cumplir con la ley o en el caso de existir un consentimiento expreso.<\/li>\n<li><strong>Principio de limitaci\u00f3n de la finalidad:<\/strong>\u00a0los datos personales que se recogen en la web nunca ser\u00e1n tratados con otra finalidad que no sea la expresada en esta pol\u00edtica de privacidad. Cabe destacar que nuestra pol\u00edtica de privacidad podr\u00eda estar sujeta a cambios debido a exigencias legislativas o regulatorias, por lo aconsejamos que la visites peri\u00f3dicamente siendo aplicable en todos los formularios de la web.<\/li>\n<li><strong>Principio de limitaci\u00f3n del plazo de conservaci\u00f3n:<\/strong>\u00a0los datos recogidos ser\u00e1n almacenados durante no m\u00e1s tiempo del necesario para los fines para los que se ha dado su consentimiento. En Bodegas Rodr\u00edguez y Sanzo SL\u00a0nos comprometemos peri\u00f3dicamente a revisarlos y eliminar los registros inactivos durante un tiempo considerable.<\/li>\n<li><strong>Principio de integridad y confidencialidad:<\/strong>\u00a0tus datos ser\u00e1n tratados de forma que se garantice una seguridad adecuada y su confidencialidad, por ello, tomamos las precauciones necesarias para evitar accesos no autorizados o uso indebido de datos.<\/li>\n<\/ul>\n<p>&nbsp;<\/p>\n<h3><strong>4. MENORES DE EDAD<\/strong><\/h3>\n<p><strong>Bajo ninguna excepci\u00f3n recabaremos datos de un menor de edad.<\/strong><br \/>\nLos menores de edad no deben registrarse, suscribirse a listas de difusi\u00f3n (email marketing), rellenar formularios web o utilizar otros mecanismos de captaci\u00f3n de datos personales habilitados en la web.<br \/>\n<strong>Si eres menor de edad debes abandonar nuestro sitio web.<\/strong><\/p>\n<p>&nbsp;<\/p>\n<h3><strong>5. \u00bfC\u00d3MO LOS OBTENEMOS TUS DATOS?<\/strong><\/h3>\n<p>Los datos personales tratados por Bodegas Rodr\u00edguez y Sanzo SL\u00a0proceden de los siguientes mecanismos habilitados en nuestro espacio web:<\/p>\n<ul>\n<li>Formulario de contacto<\/li>\n<li>Formulario de alta de cliente<\/li>\n<li>Formulario de newsletter<\/li>\n<li>Redes sociales<\/li>\n<li>Cookies y anal\u00edticas de uso<\/li>\n<li>Otras herramientas y algoritmos<\/li>\n<\/ul>\n<p>En el siguiente apartado te explicamos en detalle cada uno de los mecanismos de obtenci\u00f3n de datos de car\u00e1cter personal que usamos, lo que hacemos con ellos y la duraci\u00f3n o vigencia de los mismos en nuestros sistemas.<\/p>\n<p>&nbsp;<\/p>\n<h3><strong>6. \u00bfQU\u00c9 HACEMOS CON TUS DATOS?<\/strong><\/h3>\n<p><strong>Formulario de contacto<\/strong><\/p>\n<ul>\n<li><strong>D\u00f3nde est\u00e1:<\/strong>\u00a0este formulario est\u00e1 disponible en la web a trav\u00e9s de la p\u00e1gina de contacto.<\/li>\n<li><strong>Qu\u00e9 datos se solicitan:<\/strong>\u00a0nombre, apellidos, correo electr\u00f3nico y\/o tel\u00e9fono.<\/li>\n<li><strong>Para qu\u00e9:<\/strong>\u00a0son los m\u00ednimos datos personales necesarios para responder los requerimientos de los usuarios a cerca de nuestros productos o servicios, dudas, quejas o consultas de otra \u00edndole.<\/li>\n<li><strong>C\u00f3mo se tratan:<\/strong>\u00a0los datos personales introducidos se registran en la web junto con una marca de tiempo y la direcci\u00f3n IP del equipo desde el que se realiza la solicitud y paralelamente son enviados por email al propietario del espacio web anteriormente descrito.<\/li>\n<li><strong>D\u00f3nde se alojan:<\/strong>\u00a0estos datos ser\u00e1n alojados en los servidores externos a Bodegas Rodr\u00edguez y Sanzo S.L.<\/li>\n<li><strong>Consideraciones:<\/strong>\u00a0el tratamiento de estos datos queda restringido \u00fanicamente a la contestaci\u00f3n de los requerimientos solicitados y no implica el alta de usuario en la web, suscripci\u00f3n a listas de email marketing u otras acciones que impliquen el almacenamiento de estos datos para otros fines.<\/li>\n<li><strong>Duraci\u00f3n:<\/strong>\u00a0los datos ser\u00e1n eliminados cuando la consulta sea resuelta al usuario.<\/li>\n<\/ul>\n<p><strong>Formulario de alta de cliente<\/strong><\/p>\n<ul>\n<li><strong>D\u00f3nde est\u00e1:<\/strong>\u00a0este formulario est\u00e1 disponible en el proceso de compra.<\/li>\n<li><strong>Qu\u00e9 datos se solicitan:<\/strong>\u00a0nombre, direcci\u00f3n, NIF, tel\u00e9fono, nickname, correo electr\u00f3nico.<\/li>\n<li><strong>Para qu\u00e9:<\/strong>\u00a0para crear una cuenta de cliente en nuestra tienda online.<\/li>\n<li><strong>C\u00f3mo se tratan:<\/strong>\u00a0los datos personales introducidos se registran en la base de datos de clientes de la web junto con una marca de tiempo y la direcci\u00f3n IP del equipo desde el que se realiza el registro.<\/li>\n<li><strong>D\u00f3nde se alojan:<\/strong>\u00a0estos datos ser\u00e1n alojados en los servidores externos a Bodegas Rodr\u00edguez y Sanzo S.L.<\/li>\n<li><strong>Consideraciones:<\/strong>\u00a0el tratamiento de estos datos queda restringido \u00fanicamente la publicaci\u00f3n del comentario. Si opcionalmente has aceptado el env\u00edo de comunicaciones del blog de noticias, tambi\u00e9n recibiras emails con las nuevas noticias del Blog.<\/li>\n<li><strong>Duraci\u00f3n:<\/strong>\u00a0los datos ser\u00e1n conservados hasta que el cliente estime oportuno finalizar la relaci\u00f3n comercial.<\/li>\n<\/ul>\n<p><strong>Formulario de newsletter<\/strong><\/p>\n<ul>\n<li><strong>D\u00f3nde est\u00e1:<\/strong>\u00a0este formulario est\u00e1 disponible en la web a trav\u00e9s de un pop up o en espacios determinados de las diferentes p\u00e1ginas del site.<\/li>\n<li><strong>Qu\u00e9 datos se solicitan:<\/strong>\u00a0nombre y correo electr\u00f3nico.<\/li>\n<li><strong>Para qu\u00e9:<\/strong>\u00a0son los m\u00ednimos datos personales necesarios para suscribirte a nuestro bolet\u00edn de ofertas y noticias.<\/li>\n<li><strong>C\u00f3mo se tratan:<\/strong>\u00a0los datos personales introducidos se registran en la web junto con una marca de tiempo y la direcci\u00f3n IP del equipo desde el que se realiza la solicitud y paralelamente son enviados por email al propietario del espacio web anteriormente descrito.<\/li>\n<li><strong>D\u00f3nde se alojan:<\/strong>\u00a0estos datos ser\u00e1n alojados en los servidores externos a Bodegas Rodr\u00edguez y Sanzo S.L.<\/li>\n<li><strong>Consideraciones:<\/strong>\u00a0el tratamiento de estos datos queda restringido \u00fanicamente a la contestaci\u00f3n de los requerimientos solicitados y no implica el alta de usuario en la web, suscripci\u00f3n a listas de email marketing u otras acciones que impliquen el almacenamiento de estos datos para otros fines.<\/li>\n<li><strong>Duraci\u00f3n:<\/strong>\u00a0los datos ser\u00e1n eliminados cuando el usuario solicite el revocamiento de su consentimiento mediante los diferentes medios facilitados.<\/li>\n<\/ul>\n<p><strong>Redes sociales<\/strong><\/p>\n<p>Bodegas Rodr\u00edguez y Sanzo S.L puede tener presencia en redes sociales como Facebook, Twitter, Instagram, LinkedIn o YouTube, por ello queremos informarte que el tratamiento de datos que se lleve a cabo de las personas que se hagan seguidoras de nuestros perfiles o p\u00e1ginas oficiales, se regir\u00e1 por este apartado. As\u00ed como por aquellas condiciones de uso, pol\u00edticas de privacidad y normativas de acceso que pertenezcan a la red social que proceda en cada caso y aceptadas previamente por el usuario.<\/p>\n<ul>\n<li><strong>C\u00f3mo se tratan:<\/strong>\u00a0trataremos los datos de nuestros seguidores correctamente para administrar nuestra presencia en la red social, informando de nuestras actividades o eventos, productos y servicios de Bodegas Rodr\u00edguez y Sanzo S.L, as\u00ed como cualquier otra finalidad que las normativas de las redes sociales permitan.<\/li>\n<li><strong>Consideraciones:<\/strong>\u00a0en ning\u00fan caso utilizaremos los perfiles de seguidores en redes sociales para enviar publicidad u otras comunicaciones de manera individual.<\/li>\n<\/ul>\n<p><strong>Cookies y anal\u00edticas de uso<\/strong><br \/>\nCon el objetivo de mejorar nuestros servicios, obtenemos anal\u00edticas de uso mediante la recogida de datos no identificativos, m\u00e1s conocidos como cookies. Estas cookies se descargan en el ordenador del usuario que est\u00e1 navegando por nuestra web. Puedes consultar nuestra\u00a0<strong>Pol\u00edtica de Cookies<\/strong>\u00a0donde te explicamos lo que son, cu\u00e1les usamos, cu\u00e1l es su periodo de vigencia y c\u00f3mo puedes eliminarlas de tu navegador.<\/p>\n<p><strong>Otras herramientas y algoritmos<\/strong><br \/>\nCon el fin de garantizar el cumplimiento de las condiciones de uso y la ley aplicable, podemos incluir diferentes herramientas y algoritmos espec\u00edficos que ayuden a esta web a garantizar la confidencialidad de los datos personales que recoge.<\/p>\n<p>&nbsp;<\/p>\n<h3><strong>7. \u00bfCON QUI\u00c9N COMPARTIMOS LOS DATOS?<\/strong><\/h3>\n<p>En\u00a0<strong>Bodegas Rodr\u00edguez y Sanzo S.L<\/strong>\u00a0tenemos contratados servicios externos que permiten prestar todos los servicios estrictamente necesarios para el correcto funcionamiento de la web, por ello, compartimos nuestros datos con los siguientes prestadores bajo su correspondientes condiciones de privacidad:<\/p>\n<p><strong>Google Analytics:<\/strong>\u00a0servicio prestado por Google Inc., una compa\u00f1\u00eda de Delawere, cuya oficina principal est\u00e1 en el 1600 Amphitheatre Parkway, Mountain View, CA 94043, en Estados Unidos. Para ayudar a rodriguezysanzo.com a analizar el uso que sus usuarios hacen de la web, tiene integrado Google Analitycs que usa Cookies para registrar datos no identificativos como la direcci\u00f3n IP o localizaci\u00f3n geogr\u00e1fica aproximada desde donde te conectas entre otros. De esta forma, todos los datos registrados con Google Analitycs en nuestra web son directamente almacenados por Google en sus servidores de EE.UU. Puede consultar\u00a0<a href=\"https:\/\/www.google.es\/intl\/es_ALL\/analytics\/learn\/privacy.html\">aqu\u00ed su pol\u00edtica protecci\u00f3n de datos<\/a><\/p>\n<p><strong>Hosting:<\/strong>\u00a0nuestro el proveedor de hosting<\/p>\n<table width=\"100%\">\n<thead>\n<tr>\n<td><strong>Empresa<\/strong><\/td>\n<td><strong>Servicios prestados \/ Finalidad del tratamiento<\/strong><\/td>\n<\/tr>\n<\/thead>\n<tbody>\n<tr>\n<td><strong>Acens Technologies, S.L.U.<\/strong><\/p>\n<p>B-84948736<br \/>\nCalle San Rafael N\u00b0 14<br \/>\n28108 Alcobendas (Madrid)<\/td>\n<td>Data Center.<\/p>\n<p>Proveedor y mantenimiento de servidores.<\/td>\n<\/tr>\n<\/tbody>\n<\/table>\n<p>&nbsp;<\/p>\n<h3><strong>8. \u00bfQU\u00c9 DERECHOS TIENES?<\/strong><\/h3>\n<p>Cualquier usuario que ha registrado datos personales con nosotros tiene una serie de derechos reconocidos en la legislaci\u00f3n vigente de Protecci\u00f3n de Datos, y te informamos de que como usuario puedes:<\/p>\n<ul>\n<li>Solicitar el acceso a los datos personales registrados<\/li>\n<li>Solicitar su rectificaci\u00f3n o supresi\u00f3n de tus datos<\/li>\n<li>Solicitar la limitaci\u00f3n del tratamiento de los datos registrados con nosotros<\/li>\n<li>Oponerse al tratamiento de estos datos<\/li>\n<\/ul>\n<p>&nbsp;<\/p>\n<h3><strong>9. SEGURIDAD Y CONFIDENCIALIDAD<\/strong><\/h3>\n<p>Bodegas Rodr\u00edguez y Sanzo S.L se compromete en el uso y tratamiento de los datos personales introducidos por los usuarios a:<\/p>\n<ul>\n<li>Respetar la confidencialidad de los mismos<\/li>\n<li>Usarlos de acuerdo con la finalidad especificada<\/li>\n<li>Adaptar todas las medidas necesarias para evitar su alteraci\u00f3n, p\u00e9rdida, tratamiento o acceso no autorizado (uso de protocolos de cifrado https para proteger el espacio web), de conformidad con lo establecido en la legalidad vigente.<\/li>\n<li>Notificar a los usuarios los cambio que puedan realizarse en nuestra pol\u00edtica de privacidad para adaptarse a la normativa legal vigente.<\/li>\n<\/ul>\n<p>Bodegas Rodr\u00edguez y Sanzo S.L\u00a0<u>no puede garantizar la absoluta inexpugnabilidad de la red de Internet<\/u>\u00a0y por lo tanto la violaci\u00f3n de datos mediante accesos fraudulentos a \u00e9stos por parte de terceros.<\/p>\n<p>&nbsp;<\/p>\n<h3><strong>10. TU VERACIDAD<\/strong><\/h3>\n<p>Como usuario, debes saber que eres el \u00fanico responsable de la veracidad y correcci\u00f3n de los datos que remitas a\u00a0<strong>rodriguezysanzo.com<\/strong>\u00a0exonerando a\u00a0<strong>Bodegas Rodr\u00edguez y Sanzo S.L<\/strong>\u00a0(responsable de los datos de la web de\u00a0<strong>Bodegas Rodr\u00edguez y Sanzo S.L)<\/strong>, de cualquier responsabilidad al respecto. Por ello, los usuarios garantizan y responden, en cualquier caso, de la exactitud, vigencia y autenticidad de los datos personales facilitados, y se comprometen a mantenerlos debidamente actualizados. Por lo tanto,\u00a0<u>cuando un usuario introduce datos personales<\/u>\u00a0a trav\u00e9s de los diferentes mecanismos de registro habilitados en nuestra web,\u00a0<u>est\u00e1 aceptando proporcionar informaci\u00f3n completa y veraz bajo su responsabilidad<\/u>.<\/p>\n<p>&nbsp;<\/p>\n<h3><strong>11. ACEPTACI\u00d3N Y CONSENTIMIENTO<\/strong><\/h3>\n<p>El usuario declara haber sido informado de las condiciones sobre protecci\u00f3n de datos de car\u00e1cter personal de este espacio web, aceptando y consintiendo el tratamiento de los mismos por\u00a0<strong>Bodegas Rodr\u00edguez y Sanzo S.L<\/strong>en la forma y para las finalidades indicadas en esta pol\u00edtica de privacidad. Por lo tanto, si habilitas la casilla pre-deshabilitada y requerida de aceptaci\u00f3n de la pol\u00edtica de privacidad en cualquiera de nuestros mecanismos de registros de datos, estar\u00e1s dando tu consentimiento expreso para el tratamiento de los mismos con los fines definidos en esta pol\u00edtica<\/p>\n<p>.<\/p>\n<h3><strong>12. CAMBIOS EN NUESTRA POL\u00cdTICA DE PRIVACIDAD<\/strong><\/h3>\n<p><strong>Bodegas Rodr\u00edguez y Sanzo S.L<\/strong>, se reserva el derecho a modificar la presente pol\u00edtica de privacidad para adaptarla a novedades legislativas o jurisprudenciales, as\u00ed como a pr\u00e1cticas de la industria.<br \/>\nEn dichos supuestos,\u00a0<strong>Bodegas Rodr\u00edguez y Sanzo S.L<\/strong>\u00a0anunciar\u00e1 en esta p\u00e1gina los cambios introducidos con razonable antelaci\u00f3n a su puesta en pr\u00e1ctica.<\/p>\n<p>&nbsp;<\/p>\n<h3><strong>13. CORREOS COMERCIALES<\/strong><\/h3>\n<p>De acuerdo con la\u00a0<a href=\"http:\/\/www.lssi.gob.es\/paginas\/Index.aspx\">LSSICE<\/a>,\u00a0<strong>rodriguezysanzo.com<\/strong>\u00a0<u>no realiza pr\u00e1cticas de SPAM<\/u>, por lo que no env\u00eda correos comerciales por v\u00eda electr\u00f3nica que no hayan sido previamente solicitados por el usuario. Por ello, queremos informarte de que en los diferentes formularios de la web podr\u00e1s encontrar un consentimiento expreso para recibir el bolet\u00edn o la suscripci\u00f3n a las listas de email marketing, con independencia de la informaci\u00f3n comercial solicitada:<\/p>\n<ul>\n<li><strong>Formulario de contacto:<\/strong>\u00a0la informaci\u00f3n introducida no ser\u00e1 utilizada para enviar correos comerciales o promocionales a menos que no actives la casilla de solicitud de correos comerciales.<\/li>\n<li><strong>Formulario de alta de clientes:<\/strong>\u00a0la informaci\u00f3n introducida no ser\u00e1 utilizada para enviar correos comerciales o promocionales a menos que no actives la casilla de solicitud de correos comerciales.<\/li>\n<li><strong>Formulario de newsletter:<\/strong>\u00a0la informaci\u00f3n introducida no ser\u00e1 utilizada para enviar correos comerciales o promocionales.<\/li>\n<\/ul>\n<p>Conforme a lo dispuesto en la\u00a0<strong>Ley 34\/2002 de Servicios de la Sociedad de la Informaci\u00f3n y de Comercio Electr\u00f3nico<\/strong>, Bodegas Rodr\u00edguez y Sanzo S.L se compromete a no enviar comunicaciones de car\u00e1cter comercial sin identificarlas debidamente.<\/p>\n<p>&nbsp;<\/p>\n<h3><strong>14. ELIMINACI\u00d3N DE LOS DATOS<\/strong><\/h3>\n<p>El consentimiento para el tratamiento de los datos personales que est\u00e1s aceptando registrar con nosotros, es revocable en cualquier momento mediante comunicaci\u00f3n directa v\u00eda correo electr\u00f3nico a <strong>Bodegas Rodr\u00edguez y Sanzo S.L<\/strong>, a trav\u00e9s del email comunicacion@rodriguezysanzo.com.<\/p>\n<p>&nbsp;<\/p>\n<p>&nbsp;<\/p>\n<h2 style=\"text-align: center;\"><strong>NUESTRO COMPROMISO<\/strong><\/h2>\n<p><strong>Bodegas Rodr\u00edguez y Sanzo S.L<\/strong>\u00a0se compromete a tratar los datos personales recogidos a trav\u00e9s de nuestro espacio web asegurando su confidencialidad y tratamiento y nunca se har\u00e1 un uso diferente al descrito en esta pol\u00edtica de privacidad y bajo ninguna circunstancia se ceder\u00e1n datos personales a terceros e menos que se cuente con un consentimiento expreso y previo por parte del usuario.[\/vc_column_text][\/vc_column][\/vc_row][vc_row bg_type=&#8221;bg_color&#8221; bg_override=&#8221;ex-full&#8221; css=&#8221;.vc_custom_1693235759287{padding-top: 80px !important;padding-bottom: 80px !important;}&#8221;][vc_column][vc_single_image image=&#8221;3247&#8243; img_size=&#8221;full&#8221; alignment=&#8221;center&#8221;]<div id=\"ultimate-heading-531669ea0c62a4687\" class=\"uvc-heading ult-adjust-bottom-margin ultimate-heading-531669ea0c62a4687 uvc-4816  uvc-heading-default-font-sizes\" data-hspacer=\"no_spacer\"  data-halign=\"center\" style=\"text-align:center\"><div class=\"uvc-heading-spacer no_spacer\" style=\"top\"><\/div><div class=\"uvc-sub-heading ult-responsive\"  data-ultimate-target='.uvc-heading.ultimate-heading-531669ea0c62a4687 .uvc-sub-heading '  data-responsive-json-new='{\"font-size\":\"desktop:16px;mobile_landscape:14px;\",\"line-height\":\"desktop:26px;mobile_landscape:24px;\"}'  style=\"font-weight:normal;color:#000000;margin-top:30px;\"><\/p>\n<p style=\"text-align: center;\"><strong>Expansi\u00f3n internacional de las PYMES de la Comunidad de Castilla y Le\u00f3n<\/strong><br \/>\nOBJETIVO: \u201cConseguir un tejido empresarial m\u00e1s competitivo\u201d<\/p>\n<p style=\"text-align: center;\"><strong>Actuaci\u00f3n subvencionada:<\/strong><br \/>\nEXPEDIENTE 08\/18\/VA\/0429<br \/>\nPROGRAMA INTERNACIONALIZACION 2022<\/p>\n<p style=\"text-align: center;\"><strong>Proyecto cofinanciado<\/strong> por el Instituto para la Competitividad Empresarial de Castilla y Le\u00f3n (ICE) y por Fondo Europeo de Desarrollo Regional (<strong>FEDER<\/strong>)<br \/>\n<strong>Programa Operativo de Castilla y Le\u00f3n 2014-2020<\/strong><\/p>\n<p><\/div><\/div>[\/vc_column][\/vc_row]<\/p>\n<\/div>","protected":false},"excerpt":{"rendered":"<p>[vc_row type=&#8221;vc_default&#8221; css=&#8221;.vc_custom_1676630237489{padding-top: 20px !important;padding-bottom: 120px !important;}&#8221;][vc_column][vc_column_text]Bodegas Rodr\u00edguez y Sanzo SL te informa en esta p\u00e1gina de todos los t\u00e9rminos y condiciones relativos al tratamiento de datos personales que realizamos en nuestra web y te pedimos unos minutos de tu tiempo para que los leas detenidamente antes de completar cualquier mecanismo habilitado en la web&hellip;<\/p>\n","protected":false},"author":1,"featured_media":0,"parent":0,"menu_order":0,"comment_status":"closed","ping_status":"closed","template":"","meta":{"footnotes":""},"class_list":["post-4687","page","type-page","status-publish","hentry","description-off"],"_links":{"self":[{"href":"https:\/\/rodriguezysanzo.com\/en\/wp-json\/wp\/v2\/pages\/4687","targetHints":{"allow":["GET"]}}],"collection":[{"href":"https:\/\/rodriguezysanzo.com\/en\/wp-json\/wp\/v2\/pages"}],"about":[{"href":"https:\/\/rodriguezysanzo.com\/en\/wp-json\/wp\/v2\/types\/page"}],"author":[{"embeddable":true,"href":"https:\/\/rodriguezysanzo.com\/en\/wp-json\/wp\/v2\/users\/1"}],"replies":[{"embeddable":true,"href":"https:\/\/rodriguezysanzo.com\/en\/wp-json\/wp\/v2\/comments?post=4687"}],"version-history":[{"count":1,"href":"https:\/\/rodriguezysanzo.com\/en\/wp-json\/wp\/v2\/pages\/4687\/revisions"}],"predecessor-version":[{"id":4688,"href":"https:\/\/rodriguezysanzo.com\/en\/wp-json\/wp\/v2\/pages\/4687\/revisions\/4688"}],"wp:attachment":[{"href":"https:\/\/rodriguezysanzo.com\/en\/wp-json\/wp\/v2\/media?parent=4687"}],"curies":[{"name":"wp","href":"https:\/\/api.w.org\/{rel}","templated":true}]}}